{"id":957,"date":"2019-10-10T21:50:46","date_gmt":"2019-10-10T20:50:46","guid":{"rendered":"https:\/\/lulets.com\/?post_type=product&#038;p=957"},"modified":"2025-11-30T12:58:36","modified_gmt":"2025-11-30T11:58:36","slug":"lulets-blocs","status":"publish","type":"product","link":"https:\/\/lulets.com\/cat\/producte\/lulets-blocs\/","title":{"rendered":"Lu-blocks"},"content":{"rendered":"<p><strong>Edat recomanada:<\/strong><\/p>\n<ul>\n<li>A partir de 3\u00a0anys i sense l\u00edmit d'edat.<\/li>\n<li>Sempre sota la supervisi\u00f3 d'un adult.<\/li>\n<\/ul>\n<p><strong>Caracter\u00edstiques:<\/strong><\/p>\n<ul>\n<li>Mides bloc: 15 x 8 x 9 cm.<\/li>\n<li>Mides malet\u00ed 36 x 12 x 27 cm<\/li>\n<li>No inclou les pintures ni els vinils.<\/li>\n<li>Manual instrucciones (ver v\u00eddeo montaje web)<\/li>\n<\/ul>\n<p><strong>Contingut producte:<\/strong><\/p>\n<ul>\n<li>25 blocs de cartr\u00f3 desplegats.<\/li>\n<li>Cartr\u00f3 100% reciclable.<\/li>\n<li>Color marr\u00f3 natural (kraft).<\/li>\n<\/ul>\n<p>&nbsp;<\/p>","protected":false},"excerpt":{"rendered":"<p>Blocs de construcci\u00f3 de cartr\u00f3 perqu\u00e8 els m\u00e9s petits juguin a construir vaixells,\navions, animals, castells, lletres o la seva pr\u00f2pia casa.<\/p>\n<p>Els Lu-Blocks fomenten la creativitat, l'enginy, la l\u00f2gica-matem\u00e0tica i\nestimulen la imaginaci\u00f3 dels nens que es divertiran muntant i desmuntant les\nseves pr\u00f2pies construccions.e<\/p>\n<p>Els blocs i el seu malet\u00ed per guardar-los, estan pensats per a ser decorats i personalitzats a gust de cada nen, ja sigui pintant-los o adherint els nostres vinils.<\/p>\n<p>Abans de comen\u00e7ar a construir s'han de muntar els blocs. Els nens al costat dels seus familiars podran muntar els blocs Lulets molt f\u00e0cilment.<\/p>\n<p>El cartr\u00f3 dels blocs \u00e9s molt resistent i reciclable, contribuint aix\u00ed a la preservaci\u00f3 del medi ambient. Un cop muntats es poden tornar a desmuntar si es vol.<\/p>\n<p>El cartr\u00f3 \u00e9s el material perfecte per a ser pintat amb qualsevol tipus de pintura\nacr\u00edlica, ceres, retoladors o llapis de colors. Cada nen podr\u00e0 decorar els blocs al\nseu gust, desenvolupant d&#039;aquesta manera la seva creativitat i la seva\nimaginaci\u00f3.<\/p>\n<p>Pinta i decora els blocs i converteix-te en un gran arquitecte!<\/p>\n<p>&nbsp;<\/p>\n<p>&nbsp;<\/p>","protected":false},"featured_media":1040,"template":"","meta":{"jetpack_post_was_ever_published":false,"jetpack_publicize_message":"","jetpack_publicize_feature_enabled":true,"jetpack_social_post_already_shared":true,"jetpack_social_options":{"image_generator_settings":{"template":"highway","default_image_id":0,"font":"","enabled":false},"version":2}},"product_brand":[],"product_cat":[15],"product_tag":[],"class_list":{"0":"post-957","1":"product","2":"type-product","3":"status-publish","4":"has-post-thumbnail","6":"product_cat-juguetes","8":"first","9":"onbackorder","10":"taxable","11":"shipping-taxable","12":"purchasable","13":"product-type-simple"},"yoast_head":"<!-- This site is optimized with the Yoast SEO plugin v27.3 - https:\/\/yoast.com\/product\/yoast-seo-wordpress\/ -->\n<title>Lu-blocks - LULETS<\/title>\n<meta name=\"robots\" content=\"index, follow, max-snippet:-1, max-image-preview:large, max-video-preview:-1\" \/>\n<link rel=\"canonical\" href=\"https:\/\/lulets.com\/cat\/producte\/lulets-blocs\/\" \/>\n<meta property=\"og:locale\" content=\"ca_ES\" \/>\n<meta property=\"og:type\" content=\"article\" \/>\n<meta property=\"og:title\" content=\"Lu-blocks - LULETS\" \/>\n<meta property=\"og:description\" content=\"Bloques de construcci\u00f3n de cart\u00f3n para que los m\u00e1s peque\u00f1os jueguen a construir barcos, aviones, animales, castillos, letras o su propia casa.  Los Lu-Blocks fomentan la creatividad, el ingenio, la l\u00f3gica-matem\u00e1tica y estimulan la imaginaci\u00f3n de los ni\u00f1os que se divertir\u00e1n montando y desmontando sus propias construcciones.  Los bloques, as\u00ed como tambi\u00e9n el malet\u00edn que los contiene, est\u00e1n pensados para ser decorados y personalizados a gusto de cada ni\u00f1o ya sea pint\u00e1ndolos o adhiri\u00e9ndoles las pegatinas de nuestros vinilos.  Antes de empezar a construir se tienen que montar los bloques. Los ni\u00f1os junto a sus familiares podr\u00e1n montar los bloques Lulets muy f\u00e1cilmente.  El cart\u00f3n de los bloques es muy resistente y reciclable, contribuyendo as\u00ed a la preservaci\u00f3n del medio ambiente. Una vez montados se puede desmontar f\u00e1cilmente y en pocos minutos.  El cart\u00f3n es el material perfecto para ser pintado con cualquier tipo de pintura acr\u00edlica, ceras, rotuladores o l\u00e1pices colores. Cada ni\u00f1o podr\u00e1 decorar los bloques a su gusto, desarrollando de este modo su creatividad y su imaginaci\u00f3n.  \u00a1Pinta y decora los bloques y convi\u00e9rtete en un gran arquitecto!  &nbsp;  &nbsp;\" \/>\n<meta property=\"og:url\" content=\"https:\/\/lulets.com\/cat\/producte\/lulets-blocs\/\" \/>\n<meta property=\"og:site_name\" content=\"LULETS\" \/>\n<meta property=\"article:modified_time\" content=\"2025-11-30T11:58:36+00:00\" \/>\n<meta property=\"og:image\" content=\"https:\/\/lulets.com\/wp-content\/uploads\/2019\/10\/LULETS-119.jpg\" \/>\n\t<meta property=\"og:image:width\" content=\"963\" \/>\n\t<meta property=\"og:image:height\" content=\"642\" \/>\n\t<meta property=\"og:image:type\" content=\"image\/jpeg\" \/>\n<meta name=\"twitter:card\" content=\"summary_large_image\" \/>\n<meta name=\"twitter:label1\" content=\"Temps estimat de lectura\" \/>\n\t<meta name=\"twitter:data1\" content=\"1 minut\" \/>\n<script type=\"application\/ld+json\" class=\"yoast-schema-graph\">{\"@context\":\"https:\\\/\\\/schema.org\",\"@graph\":[{\"@type\":\"WebPage\",\"@id\":\"https:\\\/\\\/lulets.com\\\/producto\\\/lulets-blocs\\\/\",\"url\":\"https:\\\/\\\/lulets.com\\\/producto\\\/lulets-blocs\\\/\",\"name\":\"Lu-blocks - LULETS\",\"isPartOf\":{\"@id\":\"https:\\\/\\\/lulets.com\\\/#website\"},\"primaryImageOfPage\":{\"@id\":\"https:\\\/\\\/lulets.com\\\/producto\\\/lulets-blocs\\\/#primaryimage\"},\"image\":{\"@id\":\"https:\\\/\\\/lulets.com\\\/producto\\\/lulets-blocs\\\/#primaryimage\"},\"thumbnailUrl\":\"https:\\\/\\\/lulets.com\\\/wp-content\\\/uploads\\\/2019\\\/10\\\/LULETS-119.jpg\",\"datePublished\":\"2019-10-10T20:50:46+00:00\",\"dateModified\":\"2025-11-30T11:58:36+00:00\",\"breadcrumb\":{\"@id\":\"https:\\\/\\\/lulets.com\\\/producto\\\/lulets-blocs\\\/#breadcrumb\"},\"inLanguage\":\"ca\",\"potentialAction\":[{\"@type\":\"ReadAction\",\"target\":[\"https:\\\/\\\/lulets.com\\\/producto\\\/lulets-blocs\\\/\"]}]},{\"@type\":\"ImageObject\",\"inLanguage\":\"ca\",\"@id\":\"https:\\\/\\\/lulets.com\\\/producto\\\/lulets-blocs\\\/#primaryimage\",\"url\":\"https:\\\/\\\/lulets.com\\\/wp-content\\\/uploads\\\/2019\\\/10\\\/LULETS-119.jpg\",\"contentUrl\":\"https:\\\/\\\/lulets.com\\\/wp-content\\\/uploads\\\/2019\\\/10\\\/LULETS-119.jpg\",\"width\":963,\"height\":642},{\"@type\":\"BreadcrumbList\",\"@id\":\"https:\\\/\\\/lulets.com\\\/producto\\\/lulets-blocs\\\/#breadcrumb\",\"itemListElement\":[{\"@type\":\"ListItem\",\"position\":1,\"name\":\"Portada\",\"item\":\"https:\\\/\\\/lulets.com\\\/\"},{\"@type\":\"ListItem\",\"position\":2,\"name\":\"Tienda\",\"item\":\"https:\\\/\\\/lulets.com\\\/tienda\\\/\"},{\"@type\":\"ListItem\",\"position\":3,\"name\":\"Lu-blocks\"}]},{\"@type\":\"WebSite\",\"@id\":\"https:\\\/\\\/lulets.com\\\/#website\",\"url\":\"https:\\\/\\\/lulets.com\\\/\",\"name\":\"LULETS\",\"description\":\"Juguetes de cart\u00f3n para hacer volar la imaginaci\u00f3n\",\"publisher\":{\"@id\":\"https:\\\/\\\/lulets.com\\\/#organization\"},\"potentialAction\":[{\"@type\":\"SearchAction\",\"target\":{\"@type\":\"EntryPoint\",\"urlTemplate\":\"https:\\\/\\\/lulets.com\\\/?s={search_term_string}\"},\"query-input\":{\"@type\":\"PropertyValueSpecification\",\"valueRequired\":true,\"valueName\":\"search_term_string\"}}],\"inLanguage\":\"ca\"},{\"@type\":\"Organization\",\"@id\":\"https:\\\/\\\/lulets.com\\\/#organization\",\"name\":\"Lulets\",\"url\":\"https:\\\/\\\/lulets.com\\\/\",\"logo\":{\"@type\":\"ImageObject\",\"inLanguage\":\"ca\",\"@id\":\"https:\\\/\\\/lulets.com\\\/#\\\/schema\\\/logo\\\/image\\\/\",\"url\":\"https:\\\/\\\/lulets.com\\\/wp-content\\\/uploads\\\/2019\\\/01\\\/logo-lulets.png\",\"contentUrl\":\"https:\\\/\\\/lulets.com\\\/wp-content\\\/uploads\\\/2019\\\/01\\\/logo-lulets.png\",\"width\":399,\"height\":142,\"caption\":\"Lulets\"},\"image\":{\"@id\":\"https:\\\/\\\/lulets.com\\\/#\\\/schema\\\/logo\\\/image\\\/\"}}]}<\/script>\n<!-- \/ Yoast SEO plugin. -->","yoast_head_json":{"title":"Lu-blocks - LULETS","robots":{"index":"index","follow":"follow","max-snippet":"max-snippet:-1","max-image-preview":"max-image-preview:large","max-video-preview":"max-video-preview:-1"},"canonical":"https:\/\/lulets.com\/cat\/producte\/lulets-blocs\/","og_locale":"ca_ES","og_type":"article","og_title":"Lu-blocks - LULETS","og_description":"Bloques de construcci\u00f3n de cart\u00f3n para que los m\u00e1s peque\u00f1os jueguen a construir barcos, aviones, animales, castillos, letras o su propia casa.  Los Lu-Blocks fomentan la creatividad, el ingenio, la l\u00f3gica-matem\u00e1tica y estimulan la imaginaci\u00f3n de los ni\u00f1os que se divertir\u00e1n montando y desmontando sus propias construcciones.  Los bloques, as\u00ed como tambi\u00e9n el malet\u00edn que los contiene, est\u00e1n pensados para ser decorados y personalizados a gusto de cada ni\u00f1o ya sea pint\u00e1ndolos o adhiri\u00e9ndoles las pegatinas de nuestros vinilos.  Antes de empezar a construir se tienen que montar los bloques. Los ni\u00f1os junto a sus familiares podr\u00e1n montar los bloques Lulets muy f\u00e1cilmente.  El cart\u00f3n de los bloques es muy resistente y reciclable, contribuyendo as\u00ed a la preservaci\u00f3n del medio ambiente. Una vez montados se puede desmontar f\u00e1cilmente y en pocos minutos.  El cart\u00f3n es el material perfecto para ser pintado con cualquier tipo de pintura acr\u00edlica, ceras, rotuladores o l\u00e1pices colores. Cada ni\u00f1o podr\u00e1 decorar los bloques a su gusto, desarrollando de este modo su creatividad y su imaginaci\u00f3n.  \u00a1Pinta y decora los bloques y convi\u00e9rtete en un gran arquitecto!  &nbsp;  &nbsp;","og_url":"https:\/\/lulets.com\/cat\/producte\/lulets-blocs\/","og_site_name":"LULETS","article_modified_time":"2025-11-30T11:58:36+00:00","og_image":[{"width":963,"height":642,"url":"https:\/\/lulets.com\/wp-content\/uploads\/2019\/10\/LULETS-119.jpg","type":"image\/jpeg"}],"twitter_card":"summary_large_image","twitter_misc":{"Temps estimat de lectura":"1 minut"},"schema":{"@context":"https:\/\/schema.org","@graph":[{"@type":"WebPage","@id":"https:\/\/lulets.com\/producto\/lulets-blocs\/","url":"https:\/\/lulets.com\/producto\/lulets-blocs\/","name":"Lu-blocks - LULETS","isPartOf":{"@id":"https:\/\/lulets.com\/#website"},"primaryImageOfPage":{"@id":"https:\/\/lulets.com\/producto\/lulets-blocs\/#primaryimage"},"image":{"@id":"https:\/\/lulets.com\/producto\/lulets-blocs\/#primaryimage"},"thumbnailUrl":"https:\/\/lulets.com\/wp-content\/uploads\/2019\/10\/LULETS-119.jpg","datePublished":"2019-10-10T20:50:46+00:00","dateModified":"2025-11-30T11:58:36+00:00","breadcrumb":{"@id":"https:\/\/lulets.com\/producto\/lulets-blocs\/#breadcrumb"},"inLanguage":"ca","potentialAction":[{"@type":"ReadAction","target":["https:\/\/lulets.com\/producto\/lulets-blocs\/"]}]},{"@type":"ImageObject","inLanguage":"ca","@id":"https:\/\/lulets.com\/producto\/lulets-blocs\/#primaryimage","url":"https:\/\/lulets.com\/wp-content\/uploads\/2019\/10\/LULETS-119.jpg","contentUrl":"https:\/\/lulets.com\/wp-content\/uploads\/2019\/10\/LULETS-119.jpg","width":963,"height":642},{"@type":"BreadcrumbList","@id":"https:\/\/lulets.com\/producto\/lulets-blocs\/#breadcrumb","itemListElement":[{"@type":"ListItem","position":1,"name":"Portada","item":"https:\/\/lulets.com\/"},{"@type":"ListItem","position":2,"name":"Tienda","item":"https:\/\/lulets.com\/tienda\/"},{"@type":"ListItem","position":3,"name":"Lu-blocks"}]},{"@type":"WebSite","@id":"https:\/\/lulets.com\/#website","url":"https:\/\/lulets.com\/","name":"LULETS","description":"Joguines de cartr\u00f3 per fer volar la imaginaci\u00f3","publisher":{"@id":"https:\/\/lulets.com\/#organization"},"potentialAction":[{"@type":"SearchAction","target":{"@type":"EntryPoint","urlTemplate":"https:\/\/lulets.com\/?s={search_term_string}"},"query-input":{"@type":"PropertyValueSpecification","valueRequired":true,"valueName":"search_term_string"}}],"inLanguage":"ca"},{"@type":"Organization","@id":"https:\/\/lulets.com\/#organization","name":"Lulets","url":"https:\/\/lulets.com\/","logo":{"@type":"ImageObject","inLanguage":"ca","@id":"https:\/\/lulets.com\/#\/schema\/logo\/image\/","url":"https:\/\/lulets.com\/wp-content\/uploads\/2019\/01\/logo-lulets.png","contentUrl":"https:\/\/lulets.com\/wp-content\/uploads\/2019\/01\/logo-lulets.png","width":399,"height":142,"caption":"Lulets"},"image":{"@id":"https:\/\/lulets.com\/#\/schema\/logo\/image\/"}}]}},"jetpack_publicize_connections":[],"jetpack_sharing_enabled":true,"_links":{"self":[{"href":"https:\/\/lulets.com\/cat\/wp-json\/wp\/v2\/product\/957","targetHints":{"allow":["GET"]}}],"collection":[{"href":"https:\/\/lulets.com\/cat\/wp-json\/wp\/v2\/product"}],"about":[{"href":"https:\/\/lulets.com\/cat\/wp-json\/wp\/v2\/types\/product"}],"wp:featuredmedia":[{"embeddable":true,"href":"https:\/\/lulets.com\/cat\/wp-json\/wp\/v2\/media\/1040"}],"wp:attachment":[{"href":"https:\/\/lulets.com\/cat\/wp-json\/wp\/v2\/media?parent=957"}],"wp:term":[{"taxonomy":"product_brand","embeddable":true,"href":"https:\/\/lulets.com\/cat\/wp-json\/wp\/v2\/product_brand?post=957"},{"taxonomy":"product_cat","embeddable":true,"href":"https:\/\/lulets.com\/cat\/wp-json\/wp\/v2\/product_cat?post=957"},{"taxonomy":"product_tag","embeddable":true,"href":"https:\/\/lulets.com\/cat\/wp-json\/wp\/v2\/product_tag?post=957"}],"curies":[{"name":"wp","href":"https:\/\/api.w.org\/{rel}","templated":true}]}}