{"id":4696,"date":"2021-10-26T19:13:16","date_gmt":"2021-10-26T18:13:16","guid":{"rendered":"https:\/\/lulets.com\/?post_type=product&#038;p=4696"},"modified":"2025-12-14T20:04:35","modified_gmt":"2025-12-14T19:04:35","slug":"lu-theatre-puppets","status":"publish","type":"product","link":"https:\/\/lulets.com\/cat\/producte\/lu-theatre-puppets\/","title":{"rendered":"Lu-Theatre + (t\u00edteres + cortinas + 3 taburetes)"},"content":{"rendered":"<h3><strong>Lu-Theatre + (3 tamborets)<\/strong><\/h3>\n<p><strong>Edat recomanada:<\/strong><\/p>\n<ul>\n<li>A partir de 3\u00a0anys i sense l\u00edmit d'edat.<\/li>\n<li>Sempre sota la supervisi\u00f3 d'un adult.<\/li>\n<\/ul>\n<p><strong>Caracter\u00edstiques:<\/strong><\/p>\n<ul>\n<li>Mides paquet: 133 x 85 x 8,5 cm.<\/li>\n<li>Mides teatre muntat: 130 x 85 cm.<\/li>\n<li>Cartr\u00f3 100% reciclable.<\/li>\n<li>Color marr\u00f3 natural (kraft).<\/li>\n<li>No incluye la luz para las sombras<\/li>\n<\/ul>\n<p><strong>Contingut producte:<\/strong><\/p>\n<ul>\n<li>1 Estructura teatro cart\u00f3n<\/li>\n<li>3 taburetes cart\u00f3n<\/li>\n<li>1 set cortinas teatro (rojas)<\/li>\n<li>1 cortina blanca (ombras chinas)<\/li>\n<li>9 t\u00edteres cart\u00f3n de Alicia en el pa\u00eds de las maravillas<\/li>\n<li>8 t\u00edteres cart\u00f3n de los Tres cerditos<\/li>\n<li>1 cartel con el t\u00edtulo e ilustraci\u00f3n de la obra<\/li>\n<li>1 set adhesivos para los t\u00edteres de Alicia en el pa\u00eds de las maravillas<\/li>\n<li>Manual d'instruccions.<\/li>\n<\/ul>","protected":false},"excerpt":{"rendered":"<p><img loading=\"lazy\" decoding=\"async\" class=\"alignnone wp-image-4687\" src=\"https:\/\/lulets.com\/wp-content\/uploads\/2021\/10\/teatre-6-386x400.jpg\" alt=\"\" width=\"304\" height=\"315\" srcset=\"https:\/\/lulets.com\/wp-content\/uploads\/2021\/10\/teatre-6-386x400.jpg 386w, https:\/\/lulets.com\/wp-content\/uploads\/2021\/10\/teatre-6-773x800.jpg 773w, https:\/\/lulets.com\/wp-content\/uploads\/2021\/10\/teatre-6-768x795.jpg 768w, https:\/\/lulets.com\/wp-content\/uploads\/2021\/10\/teatre-6-1484x1536.jpg 1484w, https:\/\/lulets.com\/wp-content\/uploads\/2021\/10\/teatre-6-1979x2048.jpg 1979w, https:\/\/lulets.com\/wp-content\/uploads\/2021\/10\/teatre-6-12x12.jpg 12w, https:\/\/lulets.com\/wp-content\/uploads\/2021\/10\/teatre-6-600x621.jpg 600w\" sizes=\"auto, (max-width: 304px) 100vw, 304px\" \/><\/p>\n<p><img loading=\"lazy\" decoding=\"async\" class=\"alignnone wp-image-4704\" src=\"https:\/\/lulets.com\/wp-content\/uploads\/2021\/10\/teatre-22-297x400.jpg\" alt=\"\" width=\"303\" height=\"408\" \/><\/p>\n<div class=\"product-short-description\">\n<p><img loading=\"lazy\" decoding=\"async\" class=\"alignnone wp-image-4688\" src=\"https:\/\/lulets.com\/wp-content\/uploads\/2021\/10\/teatre-28-600x400.jpg\" alt=\"\" width=\"304\" height=\"202\" srcset=\"https:\/\/lulets.com\/wp-content\/uploads\/2021\/10\/teatre-28-600x400.jpg 600w, https:\/\/lulets.com\/wp-content\/uploads\/2021\/10\/teatre-28-1200x800.jpg 1200w, https:\/\/lulets.com\/wp-content\/uploads\/2021\/10\/teatre-28-768x512.jpg 768w, https:\/\/lulets.com\/wp-content\/uploads\/2021\/10\/teatre-28-1536x1024.jpg 1536w, https:\/\/lulets.com\/wp-content\/uploads\/2021\/10\/teatre-28-2048x1365.jpg 2048w, https:\/\/lulets.com\/wp-content\/uploads\/2021\/10\/teatre-28-18x12.jpg 18w\" sizes=\"auto, (max-width: 304px) 100vw, 304px\" \/><\/p>\n<p>\u00a1Qu\u00e9 empiece el espect\u00e1culo!<\/p>\n<p>Teatro de dise\u00f1o muy original para que los peque\u00f1os jueguen, cuenten cuentos y representen sus obras de teatro sin parar. Es muy f\u00e1cil y r\u00e1pido de montar sin necesidad de ning\u00fan tipo de herramienta. En pocos minutos habr\u00e9is construido este maravilloso teatro.<\/p>\n<p>Con el teatro Lulets los m\u00e1s peque\u00f1os podr\u00e1n representar las obras de Alicia en el pa\u00eds de las maravillas, Los tres cerditos y todas las historias y cuentos que deseen. Con el set de t\u00edteres de Alicia peque\u00f1os y grandes tendran la oportunidad de representar la historia tantas veces como quieran. Y con el set de Los tres cerditos (pensado para las sombras chinas) podr\u00e1n jugar y experimentar con las sombras y realizar un gran espect\u00e1culo con esta t\u00e9cnica. Recomendamos poner una luz detr\u00e1s para poder crear las sombras (no est\u00e1 incluido en el producto).<\/p>\n<div class=\"product-short-description\">\n<p>El tama\u00f1o del teatro es ideal para poner en cualquier rinc\u00f3n de la casa, escuela, habitaci\u00f3n infantil o sala de juegos. Su dise\u00f1o y los t\u00edteres que van incluidos son perfecto para representar funciones en cualquier momento.<\/p>\n<p>Este teatro ha sido 100% dise\u00f1ado en Barcelona y elaborado con cart\u00f3n muy resistente y reciclable, contribuyendo as\u00ed a la preservaci\u00f3n del medio ambiente y del entorno.<\/p>\n<p>El cart\u00f3n es el material perfecto para ser pintado con cualquier tipo de pintura\u00a0 acr\u00edlica, ceras, rotuladores o l\u00e1pices de colores. Con un poco de imaginaci\u00f3n y mucha creatividad cada ni\u00f1o podr\u00e1 decorar y personalizar su propio teatro. Adem\u00e1s, una vez montado se puede plegar f\u00e1cilmente y no ocupa espacio.<\/p>\n<p>\u00a1Pinta y decora tu teatro!<\/p>\n<\/div>\n<p>&nbsp;<\/p>\n<\/div>","protected":false},"featured_media":4685,"template":"","meta":{"jetpack_post_was_ever_published":false,"jetpack_publicize_message":"","jetpack_publicize_feature_enabled":true,"jetpack_social_post_already_shared":true,"jetpack_social_options":{"image_generator_settings":{"template":"highway","default_image_id":0,"font":"","enabled":false},"version":2}},"product_brand":[],"product_cat":[118,15],"product_tag":[],"class_list":{"0":"post-4696","1":"product","2":"type-product","3":"status-publish","4":"has-post-thumbnail","6":"product_cat-lu-theatre","7":"product_cat-juguetes","9":"first","10":"instock","11":"taxable","12":"shipping-taxable","13":"purchasable","14":"product-type-simple"},"yoast_head":"<!-- This site is optimized with the Yoast SEO plugin v27.3 - https:\/\/yoast.com\/product\/yoast-seo-wordpress\/ -->\n<title>Lu-Theatre + (t\u00edteres + cortinas + 3 taburetes) - LULETS<\/title>\n<meta name=\"robots\" content=\"index, follow, max-snippet:-1, max-image-preview:large, max-video-preview:-1\" \/>\n<link rel=\"canonical\" href=\"https:\/\/lulets.com\/cat\/producte\/lu-theatre-puppets\/\" \/>\n<meta property=\"og:locale\" content=\"ca_ES\" \/>\n<meta property=\"og:type\" content=\"article\" \/>\n<meta property=\"og:title\" content=\"Lu-Theatre + (t\u00edteres + cortinas + 3 taburetes) - LULETS\" \/>\n<meta property=\"og:description\" content=\"\u00a1Qu\u00e9 empiece el espect\u00e1culo!  Teatro de dise\u00f1o muy original para que los peque\u00f1os jueguen, cuenten cuentos y representen sus obras de teatro sin parar. Es muy f\u00e1cil y r\u00e1pido de montar sin necesidad de ning\u00fan tipo de herramienta. En pocos minutos habr\u00e9is construido este maravilloso teatro.  Con el teatro Lulets los m\u00e1s peque\u00f1os podr\u00e1n representar las obras de Alicia en el pa\u00eds de las maravillas, Los tres cerditos y todas las historias y cuentos que deseen. Con el set de t\u00edteres de Alicia peque\u00f1os y grandes tendran la oportunidad de representar la historia tantas veces como quieran. Y con el set de Los tres cerditos (pensado para las sombras chinas) podr\u00e1n jugar y experimentar con las sombras y realizar un gran espect\u00e1culo con esta t\u00e9cnica. Recomendamos poner una luz detr\u00e1s para poder crear las sombras (no est\u00e1 incluido en el producto).   El tama\u00f1o del teatro es ideal para poner en cualquier rinc\u00f3n de la casa, escuela, habitaci\u00f3n infantil o sala de juegos. Su dise\u00f1o y los t\u00edteres que van incluidos son perfecto para representar funciones en cualquier momento.  Este teatro ha sido 100% dise\u00f1ado en Barcelona y elaborado con cart\u00f3n muy resistente y reciclable, contribuyendo as\u00ed a la preservaci\u00f3n del medio ambiente y del entorno.  El cart\u00f3n es el material perfecto para ser pintado con cualquier tipo de pintura\u00a0 acr\u00edlica, ceras, rotuladores o l\u00e1pices de colores. Con un poco de imaginaci\u00f3n y mucha creatividad cada ni\u00f1o podr\u00e1 decorar y personalizar su propio teatro. Adem\u00e1s, una vez montado se puede plegar f\u00e1cilmente y no ocupa espacio.  \u00a1Pinta y decora tu teatro!   &nbsp;\" \/>\n<meta property=\"og:url\" content=\"https:\/\/lulets.com\/cat\/producte\/lu-theatre-puppets\/\" \/>\n<meta property=\"og:site_name\" content=\"LULETS\" \/>\n<meta property=\"article:modified_time\" content=\"2025-12-14T19:04:35+00:00\" \/>\n<meta property=\"og:image\" content=\"https:\/\/lulets.com\/wp-content\/uploads\/2021\/10\/teatre-47.jpg\" \/>\n\t<meta property=\"og:image:width\" content=\"1702\" \/>\n\t<meta property=\"og:image:height\" content=\"2250\" \/>\n\t<meta property=\"og:image:type\" content=\"image\/jpeg\" \/>\n<meta name=\"twitter:card\" content=\"summary_large_image\" \/>\n<meta name=\"twitter:label1\" content=\"Temps estimat de lectura\" \/>\n\t<meta name=\"twitter:data1\" content=\"1 minut\" \/>\n<script type=\"application\/ld+json\" class=\"yoast-schema-graph\">{\"@context\":\"https:\\\/\\\/schema.org\",\"@graph\":[{\"@type\":\"WebPage\",\"@id\":\"https:\\\/\\\/lulets.com\\\/producto\\\/lu-theatre-puppets\\\/\",\"url\":\"https:\\\/\\\/lulets.com\\\/producto\\\/lu-theatre-puppets\\\/\",\"name\":\"Lu-Theatre + (t\u00edteres + cortinas + 3 taburetes) - LULETS\",\"isPartOf\":{\"@id\":\"https:\\\/\\\/lulets.com\\\/#website\"},\"primaryImageOfPage\":{\"@id\":\"https:\\\/\\\/lulets.com\\\/producto\\\/lu-theatre-puppets\\\/#primaryimage\"},\"image\":{\"@id\":\"https:\\\/\\\/lulets.com\\\/producto\\\/lu-theatre-puppets\\\/#primaryimage\"},\"thumbnailUrl\":\"https:\\\/\\\/lulets.com\\\/wp-content\\\/uploads\\\/2021\\\/10\\\/teatre-47.jpg\",\"datePublished\":\"2021-10-26T18:13:16+00:00\",\"dateModified\":\"2025-12-14T19:04:35+00:00\",\"breadcrumb\":{\"@id\":\"https:\\\/\\\/lulets.com\\\/producto\\\/lu-theatre-puppets\\\/#breadcrumb\"},\"inLanguage\":\"ca\",\"potentialAction\":[{\"@type\":\"ReadAction\",\"target\":[\"https:\\\/\\\/lulets.com\\\/producto\\\/lu-theatre-puppets\\\/\"]}]},{\"@type\":\"ImageObject\",\"inLanguage\":\"ca\",\"@id\":\"https:\\\/\\\/lulets.com\\\/producto\\\/lu-theatre-puppets\\\/#primaryimage\",\"url\":\"https:\\\/\\\/lulets.com\\\/wp-content\\\/uploads\\\/2021\\\/10\\\/teatre-47.jpg\",\"contentUrl\":\"https:\\\/\\\/lulets.com\\\/wp-content\\\/uploads\\\/2021\\\/10\\\/teatre-47.jpg\",\"width\":1702,\"height\":2250},{\"@type\":\"BreadcrumbList\",\"@id\":\"https:\\\/\\\/lulets.com\\\/producto\\\/lu-theatre-puppets\\\/#breadcrumb\",\"itemListElement\":[{\"@type\":\"ListItem\",\"position\":1,\"name\":\"Portada\",\"item\":\"https:\\\/\\\/lulets.com\\\/\"},{\"@type\":\"ListItem\",\"position\":2,\"name\":\"Tienda\",\"item\":\"https:\\\/\\\/lulets.com\\\/tienda\\\/\"},{\"@type\":\"ListItem\",\"position\":3,\"name\":\"Lu-Theatre + (t\u00edteres + cortinas + 3 taburetes)\"}]},{\"@type\":\"WebSite\",\"@id\":\"https:\\\/\\\/lulets.com\\\/#website\",\"url\":\"https:\\\/\\\/lulets.com\\\/\",\"name\":\"LULETS\",\"description\":\"Juguetes de cart\u00f3n para hacer volar la imaginaci\u00f3n\",\"publisher\":{\"@id\":\"https:\\\/\\\/lulets.com\\\/#organization\"},\"potentialAction\":[{\"@type\":\"SearchAction\",\"target\":{\"@type\":\"EntryPoint\",\"urlTemplate\":\"https:\\\/\\\/lulets.com\\\/?s={search_term_string}\"},\"query-input\":{\"@type\":\"PropertyValueSpecification\",\"valueRequired\":true,\"valueName\":\"search_term_string\"}}],\"inLanguage\":\"ca\"},{\"@type\":\"Organization\",\"@id\":\"https:\\\/\\\/lulets.com\\\/#organization\",\"name\":\"Lulets\",\"url\":\"https:\\\/\\\/lulets.com\\\/\",\"logo\":{\"@type\":\"ImageObject\",\"inLanguage\":\"ca\",\"@id\":\"https:\\\/\\\/lulets.com\\\/#\\\/schema\\\/logo\\\/image\\\/\",\"url\":\"https:\\\/\\\/lulets.com\\\/wp-content\\\/uploads\\\/2019\\\/01\\\/logo-lulets.png\",\"contentUrl\":\"https:\\\/\\\/lulets.com\\\/wp-content\\\/uploads\\\/2019\\\/01\\\/logo-lulets.png\",\"width\":399,\"height\":142,\"caption\":\"Lulets\"},\"image\":{\"@id\":\"https:\\\/\\\/lulets.com\\\/#\\\/schema\\\/logo\\\/image\\\/\"}}]}<\/script>\n<!-- \/ Yoast SEO plugin. -->","yoast_head_json":{"title":"Lu-Theatre + (t\u00edteres + cortinas + 3 taburetes) - LULETS","robots":{"index":"index","follow":"follow","max-snippet":"max-snippet:-1","max-image-preview":"max-image-preview:large","max-video-preview":"max-video-preview:-1"},"canonical":"https:\/\/lulets.com\/cat\/producte\/lu-theatre-puppets\/","og_locale":"ca_ES","og_type":"article","og_title":"Lu-Theatre + (t\u00edteres + cortinas + 3 taburetes) - LULETS","og_description":"\u00a1Qu\u00e9 empiece el espect\u00e1culo!  Teatro de dise\u00f1o muy original para que los peque\u00f1os jueguen, cuenten cuentos y representen sus obras de teatro sin parar. Es muy f\u00e1cil y r\u00e1pido de montar sin necesidad de ning\u00fan tipo de herramienta. En pocos minutos habr\u00e9is construido este maravilloso teatro.  Con el teatro Lulets los m\u00e1s peque\u00f1os podr\u00e1n representar las obras de Alicia en el pa\u00eds de las maravillas, Los tres cerditos y todas las historias y cuentos que deseen. Con el set de t\u00edteres de Alicia peque\u00f1os y grandes tendran la oportunidad de representar la historia tantas veces como quieran. Y con el set de Los tres cerditos (pensado para las sombras chinas) podr\u00e1n jugar y experimentar con las sombras y realizar un gran espect\u00e1culo con esta t\u00e9cnica. Recomendamos poner una luz detr\u00e1s para poder crear las sombras (no est\u00e1 incluido en el producto).   El tama\u00f1o del teatro es ideal para poner en cualquier rinc\u00f3n de la casa, escuela, habitaci\u00f3n infantil o sala de juegos. Su dise\u00f1o y los t\u00edteres que van incluidos son perfecto para representar funciones en cualquier momento.  Este teatro ha sido 100% dise\u00f1ado en Barcelona y elaborado con cart\u00f3n muy resistente y reciclable, contribuyendo as\u00ed a la preservaci\u00f3n del medio ambiente y del entorno.  El cart\u00f3n es el material perfecto para ser pintado con cualquier tipo de pintura\u00a0 acr\u00edlica, ceras, rotuladores o l\u00e1pices de colores. Con un poco de imaginaci\u00f3n y mucha creatividad cada ni\u00f1o podr\u00e1 decorar y personalizar su propio teatro. Adem\u00e1s, una vez montado se puede plegar f\u00e1cilmente y no ocupa espacio.  \u00a1Pinta y decora tu teatro!   &nbsp;","og_url":"https:\/\/lulets.com\/cat\/producte\/lu-theatre-puppets\/","og_site_name":"LULETS","article_modified_time":"2025-12-14T19:04:35+00:00","og_image":[{"width":1702,"height":2250,"url":"https:\/\/lulets.com\/wp-content\/uploads\/2021\/10\/teatre-47.jpg","type":"image\/jpeg"}],"twitter_card":"summary_large_image","twitter_misc":{"Temps estimat de lectura":"1 minut"},"schema":{"@context":"https:\/\/schema.org","@graph":[{"@type":"WebPage","@id":"https:\/\/lulets.com\/producto\/lu-theatre-puppets\/","url":"https:\/\/lulets.com\/producto\/lu-theatre-puppets\/","name":"Lu-Theatre + (t\u00edteres + cortinas + 3 taburetes) - LULETS","isPartOf":{"@id":"https:\/\/lulets.com\/#website"},"primaryImageOfPage":{"@id":"https:\/\/lulets.com\/producto\/lu-theatre-puppets\/#primaryimage"},"image":{"@id":"https:\/\/lulets.com\/producto\/lu-theatre-puppets\/#primaryimage"},"thumbnailUrl":"https:\/\/lulets.com\/wp-content\/uploads\/2021\/10\/teatre-47.jpg","datePublished":"2021-10-26T18:13:16+00:00","dateModified":"2025-12-14T19:04:35+00:00","breadcrumb":{"@id":"https:\/\/lulets.com\/producto\/lu-theatre-puppets\/#breadcrumb"},"inLanguage":"ca","potentialAction":[{"@type":"ReadAction","target":["https:\/\/lulets.com\/producto\/lu-theatre-puppets\/"]}]},{"@type":"ImageObject","inLanguage":"ca","@id":"https:\/\/lulets.com\/producto\/lu-theatre-puppets\/#primaryimage","url":"https:\/\/lulets.com\/wp-content\/uploads\/2021\/10\/teatre-47.jpg","contentUrl":"https:\/\/lulets.com\/wp-content\/uploads\/2021\/10\/teatre-47.jpg","width":1702,"height":2250},{"@type":"BreadcrumbList","@id":"https:\/\/lulets.com\/producto\/lu-theatre-puppets\/#breadcrumb","itemListElement":[{"@type":"ListItem","position":1,"name":"Portada","item":"https:\/\/lulets.com\/"},{"@type":"ListItem","position":2,"name":"Tienda","item":"https:\/\/lulets.com\/tienda\/"},{"@type":"ListItem","position":3,"name":"Lu-Theatre + (t\u00edteres + cortinas + 3 taburetes)"}]},{"@type":"WebSite","@id":"https:\/\/lulets.com\/#website","url":"https:\/\/lulets.com\/","name":"LULETS","description":"Joguines de cartr\u00f3 per fer volar la imaginaci\u00f3","publisher":{"@id":"https:\/\/lulets.com\/#organization"},"potentialAction":[{"@type":"SearchAction","target":{"@type":"EntryPoint","urlTemplate":"https:\/\/lulets.com\/?s={search_term_string}"},"query-input":{"@type":"PropertyValueSpecification","valueRequired":true,"valueName":"search_term_string"}}],"inLanguage":"ca"},{"@type":"Organization","@id":"https:\/\/lulets.com\/#organization","name":"Lulets","url":"https:\/\/lulets.com\/","logo":{"@type":"ImageObject","inLanguage":"ca","@id":"https:\/\/lulets.com\/#\/schema\/logo\/image\/","url":"https:\/\/lulets.com\/wp-content\/uploads\/2019\/01\/logo-lulets.png","contentUrl":"https:\/\/lulets.com\/wp-content\/uploads\/2019\/01\/logo-lulets.png","width":399,"height":142,"caption":"Lulets"},"image":{"@id":"https:\/\/lulets.com\/#\/schema\/logo\/image\/"}}]}},"jetpack_publicize_connections":[],"jetpack_sharing_enabled":true,"_links":{"self":[{"href":"https:\/\/lulets.com\/cat\/wp-json\/wp\/v2\/product\/4696","targetHints":{"allow":["GET"]}}],"collection":[{"href":"https:\/\/lulets.com\/cat\/wp-json\/wp\/v2\/product"}],"about":[{"href":"https:\/\/lulets.com\/cat\/wp-json\/wp\/v2\/types\/product"}],"wp:featuredmedia":[{"embeddable":true,"href":"https:\/\/lulets.com\/cat\/wp-json\/wp\/v2\/media\/4685"}],"wp:attachment":[{"href":"https:\/\/lulets.com\/cat\/wp-json\/wp\/v2\/media?parent=4696"}],"wp:term":[{"taxonomy":"product_brand","embeddable":true,"href":"https:\/\/lulets.com\/cat\/wp-json\/wp\/v2\/product_brand?post=4696"},{"taxonomy":"product_cat","embeddable":true,"href":"https:\/\/lulets.com\/cat\/wp-json\/wp\/v2\/product_cat?post=4696"},{"taxonomy":"product_tag","embeddable":true,"href":"https:\/\/lulets.com\/cat\/wp-json\/wp\/v2\/product_tag?post=4696"}],"curies":[{"name":"wp","href":"https:\/\/api.w.org\/{rel}","templated":true}]}}